{"id":6567,"date":"2015-09-03T11:00:23","date_gmt":"2015-09-03T09:00:23","guid":{"rendered":"https:\/\/oldtimer-veranstaltung.de\/service\/?page_id=6567"},"modified":"2020-08-24T09:03:16","modified_gmt":"2020-08-24T07:03:16","slug":"restaurants-in-hessen-fuer-die-rast-mit-historischen-fahrzeugen","status":"publish","type":"page","link":"https:\/\/oldtimer-veranstaltung.de\/service\/restaurants-in-hessen-fuer-die-rast-mit-historischen-fahrzeugen\/","title":{"rendered":"Restaurants in Hessen f\u00fcr die Rast mit historischen Fahrzeugen"},"content":{"rendered":"<p>In diesem Restaurant Verzeichnis finden Sie unsere Empfehlungen f\u00fcr Gastronomie in Hessen f\u00fcr die Rast, wenn Sie mit historischen Fahrzeugen unterwegs sind.<\/p>\n<p>[connections category_in=&#8217;9&#8242;]<\/p>\n<p>Sie m\u00f6chten uns einen Eintrag f\u00fcr das <span class=\"removed_link\" title=\"https:\/\/oldtimer-veranstaltung.de\/service\/gastronomie-verzeichnis-touren-reisen\/\">Gastronomie-Verzeichnis f\u00fcr Touren und Reisen<\/span> empfehlen? Wir freuen uns auf Ihren Vorschlag und werden diesen nach Pr\u00fcfung freischalten. Dazu nutzen Sie bitte unser <span class=\"removed_link\" title=\"https:\/\/oldtimer-veranstaltung.de\/service\/restaurant-fuer-ausfahrt-tour-und-reise-eintragen\/\">Formular zur Erfassung der Daten<\/span>.<\/p>\n","protected":false},"excerpt":{"rendered":"<p>In diesem Restaurant Verzeichnis finden Sie unsere Empfehlungen f\u00fcr Gastronomie in Hessen f\u00fcr die Rast, wenn Sie mit historischen Fahrzeugen unterwegs sind. [connections category_in=&#8217;9&#8242;] Sie m\u00f6chten uns einen Eintrag f\u00fcr&#8230;<\/p>\n","protected":false},"author":1,"featured_media":0,"parent":0,"menu_order":0,"comment_status":"closed","ping_status":"closed","template":"","meta":{"footnotes":""},"class_list":["post-6567","page","type-page","status-publish","hentry"],"_links":{"self":[{"href":"https:\/\/oldtimer-veranstaltung.de\/service\/wp-json\/wp\/v2\/pages\/6567","targetHints":{"allow":["GET"]}}],"collection":[{"href":"https:\/\/oldtimer-veranstaltung.de\/service\/wp-json\/wp\/v2\/pages"}],"about":[{"href":"https:\/\/oldtimer-veranstaltung.de\/service\/wp-json\/wp\/v2\/types\/page"}],"author":[{"embeddable":true,"href":"https:\/\/oldtimer-veranstaltung.de\/service\/wp-json\/wp\/v2\/users\/1"}],"replies":[{"embeddable":true,"href":"https:\/\/oldtimer-veranstaltung.de\/service\/wp-json\/wp\/v2\/comments?post=6567"}],"version-history":[{"count":0,"href":"https:\/\/oldtimer-veranstaltung.de\/service\/wp-json\/wp\/v2\/pages\/6567\/revisions"}],"wp:attachment":[{"href":"https:\/\/oldtimer-veranstaltung.de\/service\/wp-json\/wp\/v2\/media?parent=6567"}],"curies":[{"name":"wp","href":"https:\/\/api.w.org\/{rel}","templated":true}]}}