{"id":417,"date":"2019-01-12T16:00:33","date_gmt":"2019-01-12T15:00:33","guid":{"rendered":"https:\/\/oldtimer-veranstaltung.de\/service\/?page_id=417"},"modified":"2019-01-12T16:00:14","modified_gmt":"2019-01-12T15:00:14","slug":"oldtimer-reiseberichte-und-service","status":"publish","type":"page","link":"https:\/\/oldtimer-veranstaltung.de\/service\/","title":{"rendered":"Oldtimer Jubil\u00e4en, Reisen, Wissen und Tipps"},"content":{"rendered":"<figure id=\"attachment_10702\" aria-describedby=\"caption-attachment-10702\" style=\"width: 730px\" class=\"wp-caption aligncenter\"><a href=\"https:\/\/oldtimer-veranstaltung.de\/service\/wp-content\/uploads\/2017\/12\/Austin-Healey-mit-Gepaeck.jpg\"><img loading=\"lazy\" decoding=\"async\" src=\"https:\/\/oldtimer-veranstaltung.de\/service\/wp-content\/uploads\/2017\/12\/Austin-Healey-mit-Gepaeck.jpg\" alt=\"Austin-Healey mit Reisegep\u00e4ck\" width=\"730\" height=\"548\" class=\"size-full wp-image-10702\" srcset=\"https:\/\/oldtimer-veranstaltung.de\/service\/wp-content\/uploads\/2017\/12\/Austin-Healey-mit-Gepaeck.jpg 730w, https:\/\/oldtimer-veranstaltung.de\/service\/wp-content\/uploads\/2017\/12\/Austin-Healey-mit-Gepaeck-300x225.jpg 300w\" sizes=\"auto, (max-width: 730px) 100vw, 730px\" \/><\/a><figcaption id=\"caption-attachment-10702\" class=\"wp-caption-text\">Austin-Healey mit Reisegep\u00e4ck<\/figcaption><\/figure>\n<p>Wir berichten \u00fcber Oldtimer Jubil\u00e4en, Reiseberichte, Wissen und geben Tipps f\u00fcr Freunde der Oldtimer. Viel Spa\u00df beim St\u00f6bern auf der Webseite, beim Lesen und Ansehen der Beitr\u00e4ge, Fotos und Videos ansehen und H\u00f6ren.<\/p>\n<div class=\"social-share-button\">\n<a style=\"background: #1050A3; font-weight: bold; color: #fff; padding: 5px 15px 5px 15px; title=\"Oldtimer Jubil\u00e4en\" href=\"https:\/\/oldtimer-veranstaltung.de\/service\/oldtimer-jubilaeen\/\">Oldtimer Jubil\u00e4en &#8594;<\/a>&nbsp;&nbsp;<a style=\"background: #1050A3; font-weight: bold; color: #fff; padding: 5px 15px 5px 15px; title=\"Reiseberichte\" href=\"https:\/\/oldtimer-veranstaltung.de\/service\/reiseberichte\/\">Reiseberichte &#8594;<\/a>&nbsp;&nbsp;<a style=\"background: #1050A3; font-weight: bold; color: #fff; padding: 5px 15px 5px 15px; title=\"Service\" href=\"https:\/\/oldtimer-veranstaltung.de\/service\/tipps\/\">Service &#8594;<\/a>&nbsp;&nbsp;<a style=\"background: #1050A3; font-weight: bold; color: #fff; padding: 5px 15px 5px 15px; title=\"Oldtimer-Wissen\" href=\"https:\/\/oldtimer-veranstaltung.de\/service\/oldtimer-wissen-inhalt\/\">Oldtimer-Wissen &#8594;<\/a>&nbsp;&nbsp;<a style=\"background: #1050A3; font-weight: bold; color: #fff; padding: 5px 15px 5px 15px; title=\"Oldtimer \u2013 Youngtimer \u2013 Versicherungen \u2013 Lexikon\" href=\"https:\/\/oldtimer-veranstaltung.de\/service\/oldtimer-youngtimer-versicherungen-lexikon-tarife\/\">Versicherungen \u2013 Lexikon &#8594;<\/a>\n<\/div>\n","protected":false},"excerpt":{"rendered":"<p>Wir berichten \u00fcber Oldtimer Jubil\u00e4en, Reiseberichte, Wissen und geben Tipps f\u00fcr Freunde der Oldtimer. Viel Spa\u00df beim St\u00f6bern auf der Webseite, beim Lesen und Ansehen der Beitr\u00e4ge, Fotos und Videos&#8230;<\/p>\n","protected":false},"author":1,"featured_media":0,"parent":0,"menu_order":1,"comment_status":"closed","ping_status":"closed","template":"","meta":{"footnotes":""},"class_list":["post-417","page","type-page","status-publish","hentry"],"_links":{"self":[{"href":"https:\/\/oldtimer-veranstaltung.de\/service\/wp-json\/wp\/v2\/pages\/417","targetHints":{"allow":["GET"]}}],"collection":[{"href":"https:\/\/oldtimer-veranstaltung.de\/service\/wp-json\/wp\/v2\/pages"}],"about":[{"href":"https:\/\/oldtimer-veranstaltung.de\/service\/wp-json\/wp\/v2\/types\/page"}],"author":[{"embeddable":true,"href":"https:\/\/oldtimer-veranstaltung.de\/service\/wp-json\/wp\/v2\/users\/1"}],"replies":[{"embeddable":true,"href":"https:\/\/oldtimer-veranstaltung.de\/service\/wp-json\/wp\/v2\/comments?post=417"}],"version-history":[{"count":0,"href":"https:\/\/oldtimer-veranstaltung.de\/service\/wp-json\/wp\/v2\/pages\/417\/revisions"}],"wp:attachment":[{"href":"https:\/\/oldtimer-veranstaltung.de\/service\/wp-json\/wp\/v2\/media?parent=417"}],"curies":[{"name":"wp","href":"https:\/\/api.w.org\/{rel}","templated":true}]}}