{"id":6855,"date":"2018-10-22T20:00:00","date_gmt":"2018-10-22T18:00:00","guid":{"rendered":"https:\/\/oldtimer-veranstaltung.de\/kalender\/?page_id=6855"},"modified":"2018-10-22T20:21:27","modified_gmt":"2018-10-22T18:21:27","slug":"deutschland-termine-nach-bundeslaendern","status":"publish","type":"page","link":"https:\/\/oldtimer-veranstaltung.de\/kalender\/deutschland-termine-nach-bundeslaendern\/","title":{"rendered":"Deutschland Termine nach Bundesl\u00e4ndern"},"content":{"rendered":"<p>In der \u00dcbersicht finden Sie alle Oldtimer-Termine in <a title=\"Deutschland\" class=\"aalmanual\" href=\"https:\/\/oldtimer-veranstaltung.de\/kalender\/oldtimer-veranstaltungen-in-deutschland\/\">Deutschland<\/a> geordnet nach Bundesl\u00e4ndern. Eine <a href=\"http:\/\/www.mapsofworld.com\/deutsch\/deutschland\/deutsche-bundeslaender-und-ihre-hauptstaedte-landkarte.html\" title=\"Link zu den Karte der Bundesl\u00e4nder\" target=\"_blank\" rel=\"nofollow\">Landkarte (map) mit den Bundesl\u00e4ndern<\/a> zeigt die Gebiete in Deutschland.<\/p>\n<h3>Oldtimer Event Kalender nach Bundesl&auml;ndern &#038; Staaten sortiert<\/h3>\n<ul>\n<li><a href=\"https:\/\/oldtimer-veranstaltung.de\/kalender\/events\/kategorien\/baden-wuerttemberg\/\" alt=\"Baden-W&uuml;rttemberg\">Baden-W&uuml;rttemberg<\/a><\/li>\n<li><a href=\"https:\/\/oldtimer-veranstaltung.de\/kalender\/events\/kategorien\/bayern\/\" alt=\"Bayern\">Bayern<\/a><\/li>\n<li><a href=\"https:\/\/oldtimer-veranstaltung.de\/kalender\/events\/kategorien\/berlin\/\" alt=\"Berlin\">Berlin<\/a><\/li>\n<li><a href=\"https:\/\/oldtimer-veranstaltung.de\/kalender\/events\/kategorien\/brandenburg\/\" alt=\"Brandenburg\">Brandenburg<\/a><\/li>\n<li><a href=\"https:\/\/oldtimer-veranstaltung.de\/kalender\/events\/kategorien\/bremen\/\" alt=\"Bremen\">Bremen<\/a><\/li>\n<li><a href=\"https:\/\/oldtimer-veranstaltung.de\/kalender\/events\/kategorien\/hamburg\/\" alt=\"Hamburg\">Hamburg<\/a><\/li>\n<li><a href=\"https:\/\/oldtimer-veranstaltung.de\/kalender\/events\/kategorien\/hessen\/\" alt=\"Hessen\">Hessen<\/a><\/li>\n<li><a href=\"https:\/\/oldtimer-veranstaltung.de\/kalender\/events\/kategorien\/mecklenburg-vorpommern\/\" alt=\"Mecklenburg-Vorpommern\">Mecklenburg-Vorpommern<\/a><\/li>\n<li><a href=\"https:\/\/oldtimer-veranstaltung.de\/kalender\/events\/kategorien\/niedersachsen\/\" alt=\"Niedersachsen\">Niedersachsen<\/a><\/li>\n<li><a href=\"https:\/\/oldtimer-veranstaltung.de\/kalender\/events\/kategorien\/nordrhein-westfalen\/\" alt=\"Nordrhein-Westfalen\">Nordrhein-Westfalen<\/a><\/li>\n<li><a href=\"https:\/\/oldtimer-veranstaltung.de\/kalender\/events\/kategorien\/heinland-pfalz\/\" alt=\"Rheinland-Pfalz\">Rheinland-Pfalz<\/a><\/li>\n<li><a href=\"https:\/\/oldtimer-veranstaltung.de\/kalender\/events\/kategorien\/saarland\/\" alt=\"Saarland\">Saarland<\/a><\/li>\n<li><a href=\"https:\/\/oldtimer-veranstaltung.de\/kalender\/events\/kategorien\/sachsen\/\" alt=\"Sachsen\">Sachsen<\/a><\/li>\n<li><a href=\"https:\/\/oldtimer-veranstaltung.de\/kalender\/events\/kategorien\/sachsen-anhalt\/\" alt=\"Sachsen-Anhalt\">Sachsen-Anhalt<\/a><\/li>\n<li><a href=\"https:\/\/oldtimer-veranstaltung.de\/kalender\/events\/kategorien\/schleswig-holstein\/\" alt=\"Schleswig-Holstein\">Schleswig-Holstein<\/a><\/li>\n<li><a href=\"https:\/\/oldtimer-veranstaltung.de\/kalender\/events\/kategorien\/thueringen\/\" alt=\"Th&uuml;ringen\">Th&uuml;ringen<\/a><\/li>\n<\/ul>\n<p>Die <a href=\"https:\/\/oldtimer-veranstaltung.de\/kalender\/\">tagesaktuellen Veranstaltungen<\/a> finden Sie mit diesem Link.<\/p>\n","protected":false},"excerpt":{"rendered":"<p>In der \u00dcbersicht finden Sie alle Oldtimer-Termine in Deutschland geordnet nach Bundesl\u00e4ndern. Eine Landkarte (map) mit den Bundesl\u00e4ndern zeigt die Gebiete in <a title=\"Deutschland\" class=\"aalmanual\" href=\"https:\/\/oldtimer-veranstaltung.de\/kalender\/oldtimer-veranstaltungen-in-deutschland\/\">Deutschland<\/a>. Oldtimer Event Kalender nach Bundesl&auml;ndern &#038; Staaten&#8230;<\/p>\n","protected":false},"author":1,"featured_media":0,"parent":0,"menu_order":0,"comment_status":"closed","ping_status":"closed","template":"","meta":{"footnotes":""},"class_list":["post-6855","page","type-page","status-publish","hentry"],"_links":{"self":[{"href":"https:\/\/oldtimer-veranstaltung.de\/kalender\/wp-json\/wp\/v2\/pages\/6855","targetHints":{"allow":["GET"]}}],"collection":[{"href":"https:\/\/oldtimer-veranstaltung.de\/kalender\/wp-json\/wp\/v2\/pages"}],"about":[{"href":"https:\/\/oldtimer-veranstaltung.de\/kalender\/wp-json\/wp\/v2\/types\/page"}],"author":[{"embeddable":true,"href":"https:\/\/oldtimer-veranstaltung.de\/kalender\/wp-json\/wp\/v2\/users\/1"}],"replies":[{"embeddable":true,"href":"https:\/\/oldtimer-veranstaltung.de\/kalender\/wp-json\/wp\/v2\/comments?post=6855"}],"version-history":[{"count":0,"href":"https:\/\/oldtimer-veranstaltung.de\/kalender\/wp-json\/wp\/v2\/pages\/6855\/revisions"}],"wp:attachment":[{"href":"https:\/\/oldtimer-veranstaltung.de\/kalender\/wp-json\/wp\/v2\/media?parent=6855"}],"curies":[{"name":"wp","href":"https:\/\/api.w.org\/{rel}","templated":true}]}}