{"id":4305,"date":"2019-05-22T20:00:32","date_gmt":"2019-05-22T18:00:32","guid":{"rendered":"https:\/\/oldtimer-veranstaltung.de\/kalender\/?page_id=4305"},"modified":"2019-05-22T20:11:19","modified_gmt":"2019-05-22T18:11:19","slug":"oldtimer-veranstaltungen-nicht-nur-in-der-eu","status":"publish","type":"page","link":"https:\/\/oldtimer-veranstaltung.de\/kalender\/oldtimer-veranstaltungen-nicht-nur-in-der-eu\/","title":{"rendered":"Oldtimer Veranstaltungen nicht nur in der EU"},"content":{"rendered":"<p>In der Landkarte und \u00dcbersicht sehen Sie alle im Oldtimer Kalender eingetragenen Veranstaltungen in der Europ\u00e4ischen Union und anderen L\u00e4ndern. Dabei handelt es sich um Ausstellungen, Messen, Rallyes, Touren, Reisen oder Treffen.<\/p>\n<p>Wenn Sie in der Karte auf das Symbol <\/a> Ortsmarkierung klicken, erhalten Sie Informationen \u00fcber den Veranstaltungsort und dortige Veranstaltung(en) rund um das Thema Oldtimer.<\/p>\n\n","protected":false},"excerpt":{"rendered":"<p>In der Landkarte und \u00dcbersicht sehen Sie alle im Oldtimer Kalender eingetragenen Veranstaltungen in der Europ\u00e4ischen Union und anderen L\u00e4ndern. Dabei handelt es sich um Ausstellungen, Messen, Rallyes, Touren, Reisen&#8230;<\/p>\n","protected":false},"author":1,"featured_media":0,"parent":0,"menu_order":0,"comment_status":"closed","ping_status":"closed","template":"","meta":{"footnotes":""},"class_list":["post-4305","page","type-page","status-publish","hentry"],"_links":{"self":[{"href":"https:\/\/oldtimer-veranstaltung.de\/kalender\/wp-json\/wp\/v2\/pages\/4305","targetHints":{"allow":["GET"]}}],"collection":[{"href":"https:\/\/oldtimer-veranstaltung.de\/kalender\/wp-json\/wp\/v2\/pages"}],"about":[{"href":"https:\/\/oldtimer-veranstaltung.de\/kalender\/wp-json\/wp\/v2\/types\/page"}],"author":[{"embeddable":true,"href":"https:\/\/oldtimer-veranstaltung.de\/kalender\/wp-json\/wp\/v2\/users\/1"}],"replies":[{"embeddable":true,"href":"https:\/\/oldtimer-veranstaltung.de\/kalender\/wp-json\/wp\/v2\/comments?post=4305"}],"version-history":[{"count":0,"href":"https:\/\/oldtimer-veranstaltung.de\/kalender\/wp-json\/wp\/v2\/pages\/4305\/revisions"}],"wp:attachment":[{"href":"https:\/\/oldtimer-veranstaltung.de\/kalender\/wp-json\/wp\/v2\/media?parent=4305"}],"curies":[{"name":"wp","href":"https:\/\/api.w.org\/{rel}","templated":true}]}}