{"id":1262,"date":"2013-05-10T17:55:43","date_gmt":"2013-05-10T15:55:43","guid":{"rendered":"https:\/\/oldtimer-veranstaltung.de\/kalender\/?page_id=1262"},"modified":"2013-07-02T18:38:21","modified_gmt":"2013-07-02T16:38:21","slug":"termine-und-oldtimer-treffen-in-der-vergangenheit","status":"publish","type":"page","link":"https:\/\/oldtimer-veranstaltung.de\/kalender\/termine-und-oldtimer-treffen-in-der-vergangenheit\/","title":{"rendered":"Termine und Oldtimer-Treffen in der Vergangenheit"},"content":{"rendered":"<p>Wer einen Termin oder ein Oldtimer-Treffen vers\u00e4umt hat, kann sich die Termine und Ank\u00fcndigungen von Veranstaltungen der Vergangenheit in absteigender Reihenfolge ansehen und die Links klicken.<\/p>\n<div class=\"em em-view-container\" id=\"em-view-1670459780\" data-view=\"list\">\r\n\t<div class=\"em-list em-events-list\" id=\"em-events-list-1670459780\" data-view-id=\"1670459780\">\r\n\t<table cellpadding=\"0\" cellspacing=\"0\" class=\"events-table\" >\r\n    <thead>\r\n        <tr>\r\n\t\t\t<th class=\"event-time\" width=\"170\"><strong>Datum<\/strong><\/th>\r\n\t\t\t<th class=\"event-description\" width=\"*\"><strong>Hinweise zur Veranstaltung<\/strong><\/th>\r\n\t\t<\/tr>\r\n   \t<\/thead>\r\n    <tbody><tr>\r\n\t\t\t<td valign=\"top\">\r\n                            20. 09. 25 - 21. 09. 25\r\n                        <\/td>\r\n            <td>\r\n                <a href=\"https:\/\/oldtimer-veranstaltung.de\/kalender\/termine\/18-treffen-des-volvo-stammtischs-schleswig-holstein-neuer-ort\/\">18. Treffen des Volvo Stammtischs Schleswig-Holstein. Neuer Ort!<\/a>,\r\n                 Neumu\u0308nster,  <a title=\"Schleswig-Holstein\" class=\"aalmanual\" href=\"https:\/\/oldtimer-veranstaltung.de\/kalender\/events\/kategorien\/schleswig-holstein\/\">Schleswig-Holstein<\/a> \r\n            <\/td>\r\n        <\/tr><tr>\r\n\t\t\t<td valign=\"top\">\r\n                            07. 09. 25\r\n                        <\/td>\r\n            <td>\r\n                <a href=\"https:\/\/oldtimer-veranstaltung.de\/kalender\/termine\/familientag-rossfeld\/\">Familientag Rossfeld<\/a>,\r\n                 Flugplatz Rossfeld,  <a title=\"Baden-W\u00fcrttemberg\" class=\"aalmanual\" href=\"https:\/\/oldtimer-veranstaltung.de\/kalender\/events\/kategorien\/baden-wuerttemberg\/\">Baden-W\u00fcrttemberg<\/a> \r\n            <\/td>\r\n        <\/tr><tr>\r\n\t\t\t<td valign=\"top\">\r\n                            06. 09. 25 - 07. 09. 25\r\n                        <\/td>\r\n            <td>\r\n                <a href=\"https:\/\/oldtimer-veranstaltung.de\/kalender\/termine\/84-internationales-turnier-des-westens\/\">84. Internationales Turnier des Westens<\/a>,\r\n                 K\u00f6ln,  <a title=\"Nordrhein-Westfalen\" class=\"aalmanual\" href=\"https:\/\/oldtimer-veranstaltung.de\/kalender\/events\/kategorien\/nordrhein-westfalen\/\">Nordrhein-Westfalen<\/a> \r\n            <\/td>\r\n        <\/tr><tr>\r\n\t\t\t<td valign=\"top\">\r\n                            05. 09. 25 - 07. 09. 25\r\n                        <\/td>\r\n            <td>\r\n                <a href=\"https:\/\/oldtimer-veranstaltung.de\/kalender\/termine\/21-classic-gala-schwetzingen\/\">21. CLASSIC-GALA SCHWETZINGEN<\/a>,\r\n                 Schwetzingen,  <a title=\"Baden-W\u00fcrttemberg\" class=\"aalmanual\" href=\"https:\/\/oldtimer-veranstaltung.de\/kalender\/events\/kategorien\/baden-wuerttemberg\/\">Baden-W\u00fcrttemberg<\/a> \r\n            <\/td>\r\n        <\/tr><tr>\r\n\t\t\t<td valign=\"top\">\r\n                            23. 08. 25\r\n                        <\/td>\r\n            <td>\r\n                <a href=\"https:\/\/oldtimer-veranstaltung.de\/kalender\/termine\/5-oldtimer-treffen-mit-ausfahrt-hennef-lichtenberg\/\">5. Oldtimer-Treffen mit Ausfahrt Hennef-Lichtenberg<\/a>,\r\n                 Hennef (Sieg),  <a title=\"Nordrhein-Westfalen\" class=\"aalmanual\" href=\"https:\/\/oldtimer-veranstaltung.de\/kalender\/events\/kategorien\/nordrhein-westfalen\/\">Nordrhein-Westfalen<\/a> \r\n            <\/td>\r\n        <\/tr><tr>\r\n\t\t\t<td valign=\"top\">\r\n                            23. 08. 25 - 24. 08. 25\r\n                        <\/td>\r\n            <td>\r\n                <a href=\"https:\/\/oldtimer-veranstaltung.de\/kalender\/termine\/vienna-classic-days-das-rollende-automobilmuseum-mitten-in-wien\/\">Vienna Classic Days - das rollende Automobilmuseum mitten in Wien<\/a>,\r\n                 Wien,   \r\n            <\/td>\r\n        <\/tr><tr>\r\n\t\t\t<td valign=\"top\">\r\n                            23. 08. 25 - 23. 09. 25\r\n                        <\/td>\r\n            <td>\r\n                <a href=\"https:\/\/oldtimer-veranstaltung.de\/kalender\/termine\/23-monte-menden-classic\/\">23. Monte Menden Classic<\/a>,\r\n                 Battenfeldswiese,  <a title=\"Nordrhein-Westfalen\" class=\"aalmanual\" href=\"https:\/\/oldtimer-veranstaltung.de\/kalender\/events\/kategorien\/nordrhein-westfalen\/\">Nordrhein-Westfalen<\/a> \r\n            <\/td>\r\n        <\/tr><tr>\r\n\t\t\t<td valign=\"top\">\r\n                            15. 08. 25\r\n                        <\/td>\r\n            <td>\r\n                <a href=\"https:\/\/oldtimer-veranstaltung.de\/kalender\/termine\/tegernsee-classic-3\/\">Tegernsee Classic<\/a>,\r\n                 Tegernsee,  <a title=\"Bayern\" class=\"aalmanual\" href=\"https:\/\/oldtimer-veranstaltung.de\/kalender\/events\/kategorien\/bayern\/\">Bayern<\/a> \r\n            <\/td>\r\n        <\/tr><tr>\r\n\t\t\t<td valign=\"top\">\r\n                            14. 08. 25 - 16. 08. 25\r\n                        <\/td>\r\n            <td>\r\n                <a href=\"https:\/\/oldtimer-veranstaltung.de\/kalender\/termine\/grimming-gesaeuse-classic-2025\/\">Grimming-Ges\u00e4use Classic 2025<\/a>,\r\n                 Rottenmann,  Steiermark \r\n            <\/td>\r\n        <\/tr><tr>\r\n\t\t\t<td valign=\"top\">\r\n                            01. 08. 25 - 03. 08. 25\r\n                        <\/td>\r\n            <td>\r\n                <a href=\"https:\/\/oldtimer-veranstaltung.de\/kalender\/termine\/palatina-klassik-rheinlandtour\/\">Palatina Klassik Rheinlandtour<\/a>,\r\n                 Battenberg,  <a title=\"Rheinland-Pfalz\" class=\"aalmanual\" href=\"https:\/\/oldtimer-veranstaltung.de\/kalender\/events\/kategorien\/heinland-pfalz\/\">Rheinland-Pfalz<\/a> \r\n            <\/td>\r\n        <\/tr><tr>\r\n\t\t\t<td valign=\"top\">\r\n                            06. 07. 25\r\n                        <\/td>\r\n            <td>\r\n                <a href=\"https:\/\/oldtimer-veranstaltung.de\/kalender\/termine\/suedwestfaelisches-oldtimertreffen-fuer-vorkriegsfahrzeuge-2025\/\">S\u00fcdwestf\u00e4lisches Oldtimertreffen f\u00fcr Vorkriegsfahrzeuge 2025<\/a>,\r\n                 Technikmuseum,  <a title=\"Nordrhein-Westfalen\" class=\"aalmanual\" href=\"https:\/\/oldtimer-veranstaltung.de\/kalender\/events\/kategorien\/nordrhein-westfalen\/\">Nordrhein-Westfalen<\/a> \r\n            <\/td>\r\n        <\/tr><tr>\r\n\t\t\t<td valign=\"top\">\r\n                            06. 07. 25\r\n                        <\/td>\r\n            <td>\r\n                <a href=\"https:\/\/oldtimer-veranstaltung.de\/kalender\/termine\/25-oldtimerschau-der-htg-zeven\/\">25. Oldtimerschau der HTG Zeven<\/a>,\r\n                 Zeven,  <a title=\"Niedersachsen\" class=\"aalmanual\" href=\"https:\/\/oldtimer-veranstaltung.de\/kalender\/events\/kategorien\/niedersachsen\/\">Niedersachsen<\/a> \r\n            <\/td>\r\n        <\/tr><tr>\r\n\t\t\t<td valign=\"top\">\r\n                            20. 06. 25 - 22. 06. 25\r\n                        <\/td>\r\n            <td>\r\n                <a href=\"https:\/\/oldtimer-veranstaltung.de\/kalender\/termine\/27-guellepumpentreffen\/\">27. G\u00fcllepumpentreffen<\/a>,\r\n                 Vechta,  <a title=\"Niedersachsen\" class=\"aalmanual\" href=\"https:\/\/oldtimer-veranstaltung.de\/kalender\/events\/kategorien\/niedersachsen\/\">Niedersachsen<\/a> \r\n            <\/td>\r\n        <\/tr><tr>\r\n\t\t\t<td valign=\"top\">\r\n                            14. 06. 25\r\n                        <\/td>\r\n            <td>\r\n                <a href=\"https:\/\/oldtimer-veranstaltung.de\/kalender\/termine\/young-und-oldtimerausfahrt-der-msf-bachem\/\">Young- und Oldtimerausfahrt der MSF-Bachem<\/a>,\r\n                 Loshein-Bachem,  <a title=\"Saarland\" class=\"aalmanual\" href=\"https:\/\/oldtimer-veranstaltung.de\/kalender\/events\/kategorien\/saarland\/\">Saarland<\/a> \r\n            <\/td>\r\n        <\/tr><tr>\r\n\t\t\t<td valign=\"top\">\r\n                            11. 05. 25\r\n                        <\/td>\r\n            <td>\r\n                <a href=\"https:\/\/oldtimer-veranstaltung.de\/kalender\/termine\/oldtimertreffen-bersenbrueck-2\/\">Oldtimertreffen Bersenbr\u00fcck<\/a>,\r\n                 Auto Mercedes Kalmlage,  <a title=\"Niedersachsen\" class=\"aalmanual\" href=\"https:\/\/oldtimer-veranstaltung.de\/kalender\/events\/kategorien\/niedersachsen\/\">Niedersachsen<\/a> \r\n            <\/td>\r\n        <\/tr><tr>\r\n\t\t\t<td valign=\"top\">\r\n                            04. 05. 25\r\n                        <\/td>\r\n            <td>\r\n                <a href=\"https:\/\/oldtimer-veranstaltung.de\/kalender\/termine\/tribut-an-carl-benz-6\/\">Tribut an Carl Benz<\/a>,\r\n                 Karlsruhe,  <a title=\"Baden-W\u00fcrttemberg\" class=\"aalmanual\" href=\"https:\/\/oldtimer-veranstaltung.de\/kalender\/events\/kategorien\/baden-wuerttemberg\/\">Baden-W\u00fcrttemberg<\/a> \r\n            <\/td>\r\n        <\/tr><tr>\r\n\t\t\t<td valign=\"top\">\r\n                            04. 05. 25\r\n                        <\/td>\r\n            <td>\r\n                <a href=\"https:\/\/oldtimer-veranstaltung.de\/kalender\/termine\/menden-oldtimer-treffen\/\">Menden Oldtimer Treffen<\/a>,\r\n                 Auf dem Parkplatz H\u00f6nne-Berufskollegs Werler Str. 4,  Nordrheinwestfalen \r\n            <\/td>\r\n        <\/tr><tr>\r\n\t\t\t<td valign=\"top\">\r\n                            24. 04. 25 - 26. 04. 25\r\n                        <\/td>\r\n            <td>\r\n                <a href=\"https:\/\/oldtimer-veranstaltung.de\/kalender\/termine\/4-preussen-klassik-rallye\/\">4. Preu\u00dfen Klassik Rallye<\/a>,\r\n                 Bad Saarow,  <a title=\"Brandenburg\" class=\"aalmanual\" href=\"https:\/\/oldtimer-veranstaltung.de\/kalender\/events\/kategorien\/brandenburg\/\">Brandenburg<\/a> \r\n            <\/td>\r\n        <\/tr><tr>\r\n\t\t\t<td valign=\"top\">\r\n                            25. 10. 24 - 27. 10. 24\r\n                        <\/td>\r\n            <td>\r\n                <a href=\"https:\/\/oldtimer-veranstaltung.de\/kalender\/termine\/europaeisches-oldtimerbustreffen-2024\/\">Europ\u00e4isches Oldtimerbustreffen 2024<\/a>,\r\n                 S\u00e9lestat,  Grand Est \r\n            <\/td>\r\n        <\/tr><tr>\r\n\t\t\t<td valign=\"top\">\r\n                            05. 10. 24\r\n                        <\/td>\r\n            <td>\r\n                <a href=\"https:\/\/oldtimer-veranstaltung.de\/kalender\/termine\/1-oaseweil-classic-day\/\">1.OaseWeil Classic Day<\/a>,\r\n                 Weil im Sch\u00f6nbuch,  <a title=\"Baden-W\u00fcrttemberg\" class=\"aalmanual\" href=\"https:\/\/oldtimer-veranstaltung.de\/kalender\/events\/kategorien\/baden-wuerttemberg\/\">Baden-W\u00fcrttemberg<\/a> \r\n            <\/td>\r\n        <\/tr><tr>\r\n\t\t\t<td valign=\"top\">\r\n                            20. 09. 24 - 28. 09. 24\r\n                        <\/td>\r\n            <td>\r\n                <a href=\"https:\/\/oldtimer-veranstaltung.de\/kalender\/termine\/carovana-romantica-international-rally-2024\/\">Carovana Romantica International Rally 2024<\/a>,\r\n                 Carovanaromantica,  Colorado \r\n            <\/td>\r\n        <\/tr><tr>\r\n\t\t\t<td valign=\"top\">\r\n                            20. 09. 24 - 22. 09. 24\r\n                        <\/td>\r\n            <td>\r\n                <a href=\"https:\/\/oldtimer-veranstaltung.de\/kalender\/termine\/das-wirtschaftswunder-auf-reisen-2024\/\">Das Wirtschaftswunder auf Reisen 2024<\/a>,\r\n                 Schieder- Schwalenberg,  <a title=\"Nordrhein-Westfalen\" class=\"aalmanual\" href=\"https:\/\/oldtimer-veranstaltung.de\/kalender\/events\/kategorien\/nordrhein-westfalen\/\">Nordrhein-Westfalen<\/a> \r\n            <\/td>\r\n        <\/tr><tr>\r\n\t\t\t<td valign=\"top\">\r\n                            15. 09. 24\r\n                        <\/td>\r\n            <td>\r\n                <a href=\"https:\/\/oldtimer-veranstaltung.de\/kalender\/termine\/17-volvo-treffen-des-volvo-stammtisch-s-h\/\">17. Volvo Treffen des Volvo Stammtisch S-H<\/a>,\r\n                 Heidm\u00fchlen-Wildpark Eekholt,  <a title=\"Schleswig-Holstein\" class=\"aalmanual\" href=\"https:\/\/oldtimer-veranstaltung.de\/kalender\/events\/kategorien\/schleswig-holstein\/\">Schleswig-Holstein<\/a> \r\n            <\/td>\r\n        <\/tr><tr>\r\n\t\t\t<td valign=\"top\">\r\n                            08. 09. 24\r\n                        <\/td>\r\n            <td>\r\n                <a href=\"https:\/\/oldtimer-veranstaltung.de\/kalender\/termine\/oldtimertreffen-beim-rossfelder-familientag\/\">Oldtimertreffen beim Ro\u00dffelder Familientag<\/a>,\r\n                 Fluggel\u00e4nde Ro\u00dffeld,  <a title=\"Baden-W\u00fcrttemberg\" class=\"aalmanual\" href=\"https:\/\/oldtimer-veranstaltung.de\/kalender\/events\/kategorien\/baden-wuerttemberg\/\">Baden-W\u00fcrttemberg<\/a> \r\n            <\/td>\r\n        <\/tr><tr>\r\n\t\t\t<td valign=\"top\">\r\n                            30. 08. 24 - 01. 09. 24\r\n                        <\/td>\r\n            <td>\r\n                <a href=\"https:\/\/oldtimer-veranstaltung.de\/kalender\/termine\/20-classic-gala-schwetzingen-int-concours-delegance\/\">20. Classic-Gala Schwetzingen - Int. Concours d&#039;Elegance<\/a>,\r\n                 Schwetzingen,  <a title=\"Baden-W\u00fcrttemberg\" class=\"aalmanual\" href=\"https:\/\/oldtimer-veranstaltung.de\/kalender\/events\/kategorien\/baden-wuerttemberg\/\">Baden-W\u00fcrttemberg<\/a> \r\n            <\/td>\r\n        <\/tr><tr>\r\n\t\t\t<td valign=\"top\">\r\n                            24. 08. 24\r\n                        <\/td>\r\n            <td>\r\n                <a href=\"https:\/\/oldtimer-veranstaltung.de\/kalender\/termine\/4-oldtimer-treffen-und-ausfahrt-in-hennef-lichtenberg\/\">4. Oldtimer-Treffen und -Ausfahrt in Hennef-Lichtenberg<\/a>,\r\n                 Hennef (Sieg),  <a title=\"Nordrhein-Westfalen\" class=\"aalmanual\" href=\"https:\/\/oldtimer-veranstaltung.de\/kalender\/events\/kategorien\/nordrhein-westfalen\/\">Nordrhein-Westfalen<\/a> \r\n            <\/td>\r\n        <\/tr><tr>\r\n\t\t\t<td valign=\"top\">\r\n                            24. 08. 24 - 25. 08. 24\r\n                        <\/td>\r\n            <td>\r\n                <a href=\"https:\/\/oldtimer-veranstaltung.de\/kalender\/termine\/vienna-classic-days-24-25-august-2024\/\">Vienna Classic Days 24.-25. August 2024<\/a>,\r\n                 Wien,   \r\n            <\/td>\r\n        <\/tr><tr>\r\n\t\t\t<td valign=\"top\">\r\n                            24. 08. 24\r\n                        <\/td>\r\n            <td>\r\n                <a href=\"https:\/\/oldtimer-veranstaltung.de\/kalender\/termine\/22-monte-menden-classic\/\">22. Monte Menden Classic<\/a>,\r\n                 Menden,  <a title=\"Nordrhein-Westfalen\" class=\"aalmanual\" href=\"https:\/\/oldtimer-veranstaltung.de\/kalender\/events\/kategorien\/nordrhein-westfalen\/\">Nordrhein-Westfalen<\/a> \r\n            <\/td>\r\n        <\/tr><tr>\r\n\t\t\t<td valign=\"top\">\r\n                            21. 07. 24\r\n                        <\/td>\r\n            <td>\r\n                <a href=\"https:\/\/oldtimer-veranstaltung.de\/kalender\/termine\/6-schlueter-und-oldtimertreffen\/\">6. Schl\u00fcter und Oldtimertreffen<\/a>,\r\n                 Malgersdorf,  <a title=\"Bayern\" class=\"aalmanual\" href=\"https:\/\/oldtimer-veranstaltung.de\/kalender\/events\/kategorien\/bayern\/\">Bayern<\/a> \r\n            <\/td>\r\n        <\/tr><tr>\r\n\t\t\t<td valign=\"top\">\r\n                            14. 07. 24\r\n                        <\/td>\r\n            <td>\r\n                <a href=\"https:\/\/oldtimer-veranstaltung.de\/kalender\/termine\/oldtimer-bbq-im-steigenberger-hotel-treudelberg-2\/\">OLdtimer BBQ im Steigenberger Hotel Treudelberg<\/a>,\r\n                 <a title=\"Hamburg\" class=\"aalmanual\" href=\"https:\/\/oldtimer-veranstaltung.de\/kalender\/events\/kategorien\/hamburg\/\">Hamburg<\/a>,  <a title=\"Hamburg\" class=\"aalmanual\" href=\"https:\/\/oldtimer-veranstaltung.de\/kalender\/events\/kategorien\/hamburg\/\">Hamburg<\/a> \r\n            <\/td>\r\n        <\/tr><\/tbody><\/table>\r\n<div class=\"em-pagination \" > <span class=\"page-numbers current\">1<\/span><span class=\"not-current second-half\"> <a class=\"page-numbers\" href=\"\/kalender\/wp-json\/wp\/v2\/pages\/1262?pno=2\" title=\"2\">2<\/a>  <a class=\"page-numbers\" href=\"\/kalender\/wp-json\/wp\/v2\/pages\/1262?pno=3\" title=\"3\">3<\/a>  <a class=\"page-numbers\" href=\"\/kalender\/wp-json\/wp\/v2\/pages\/1262?pno=4\" title=\"4\">4<\/a>  <a class=\"page-numbers\" href=\"\/kalender\/wp-json\/wp\/v2\/pages\/1262?pno=5\" title=\"5\">5<\/a>  <a class=\"page-numbers\" href=\"\/kalender\/wp-json\/wp\/v2\/pages\/1262?pno=6\" title=\"6\">6<\/a>  <a class=\"page-numbers\" href=\"\/kalender\/wp-json\/wp\/v2\/pages\/1262?pno=7\" title=\"7\">7<\/a>  <a class=\"page-numbers\" href=\"\/kalender\/wp-json\/wp\/v2\/pages\/1262?pno=8\" title=\"8\">8<\/a>  <a class=\"page-numbers\" href=\"\/kalender\/wp-json\/wp\/v2\/pages\/1262?pno=9\" title=\"9\">9<\/a>  <a class=\"page-numbers\" href=\"\/kalender\/wp-json\/wp\/v2\/pages\/1262?pno=10\" title=\"10\">10<\/a> <\/span> <a class=\"page-numbers\" href=\"\/kalender\/wp-json\/wp\/v2\/pages\/1262?pno=11\" title=\"11\">11<\/a>  <a class=\"page-numbers\" href=\"\/kalender\/wp-json\/wp\/v2\/pages\/1262?pno=12\" title=\"12\">12<\/a>  <a class=\"next page-numbers\" href=\"\/kalender\/wp-json\/wp\/v2\/pages\/1262?pno=2\" title=\"2\">&gt;<\/a>  <a class=\"next last page-numbers\" href=\"\/kalender\/wp-json\/wp\/v2\/pages\/1262?pno=170\" title=\"170\">&gt;&gt;<\/a> <\/div>\t<\/div>\r\n<\/div>\n","protected":false},"excerpt":{"rendered":"<p>Wer einen Termin oder ein Oldtimer-Treffen vers\u00e4umt hat, kann sich die Termine und Ank\u00fcndigungen von Veranstaltungen der Vergangenheit in absteigender Reihenfolge ansehen und die Links klicken.<\/p>\n","protected":false},"author":1,"featured_media":0,"parent":0,"menu_order":67,"comment_status":"closed","ping_status":"closed","template":"","meta":{"footnotes":""},"class_list":["post-1262","page","type-page","status-publish","hentry"],"_links":{"self":[{"href":"https:\/\/oldtimer-veranstaltung.de\/kalender\/wp-json\/wp\/v2\/pages\/1262","targetHints":{"allow":["GET"]}}],"collection":[{"href":"https:\/\/oldtimer-veranstaltung.de\/kalender\/wp-json\/wp\/v2\/pages"}],"about":[{"href":"https:\/\/oldtimer-veranstaltung.de\/kalender\/wp-json\/wp\/v2\/types\/page"}],"author":[{"embeddable":true,"href":"https:\/\/oldtimer-veranstaltung.de\/kalender\/wp-json\/wp\/v2\/users\/1"}],"replies":[{"embeddable":true,"href":"https:\/\/oldtimer-veranstaltung.de\/kalender\/wp-json\/wp\/v2\/comments?post=1262"}],"version-history":[{"count":0,"href":"https:\/\/oldtimer-veranstaltung.de\/kalender\/wp-json\/wp\/v2\/pages\/1262\/revisions"}],"wp:attachment":[{"href":"https:\/\/oldtimer-veranstaltung.de\/kalender\/wp-json\/wp\/v2\/media?parent=1262"}],"curies":[{"name":"wp","href":"https:\/\/api.w.org\/{rel}","templated":true}]}}