{"id":10325,"date":"2017-07-24T09:02:04","date_gmt":"2017-07-24T07:02:04","guid":{"rendered":"https:\/\/oldtimer-veranstaltung.de\/kalender\/?page_id=10325"},"modified":"2017-07-24T09:02:29","modified_gmt":"2017-07-24T07:02:29","slug":"wohin-am-wochenende","status":"publish","type":"page","link":"https:\/\/oldtimer-veranstaltung.de\/kalender\/wohin-am-wochenende\/","title":{"rendered":"Wohin am Wochenende?"},"content":{"rendered":"<p>Wohin am Wochende? Das ist oft die Frage. Wir bieten in unsere Veranstaltungskalender ausschlie\u00dflich Veranstaltungen f\u00fcr historische Mobilit\u00e4t der Stra\u00dfe, Schiene und Luft an.\t<\/p>\n<h3>Behalten Sie mit unserem Kalender den \u00dcberblick f\u00fcr Ihre Region<\/h3>\n<ul>\n<li><a href=\"https:\/\/oldtimer-veranstaltung.de\/kalender\/events\/kategorien\/baden-wuerttemberg\/\" alt=\"Baden-W&uuml;rttemberg\">Baden-W&uuml;rttemberg<\/a><\/li>\n<li><a href=\"https:\/\/oldtimer-veranstaltung.de\/kalender\/events\/kategorien\/bayern\/\" alt=\"Bayern\">Bayern<\/a><\/li>\n<li><a href=\"https:\/\/oldtimer-veranstaltung.de\/kalender\/events\/kategorien\/berlin\/\" alt=\"Berlin\">Berlin<\/a><\/li>\n<li><a href=\"https:\/\/oldtimer-veranstaltung.de\/kalender\/events\/kategorien\/brandenburg\/\" alt=\"Brandenburg\">Brandenburg<\/a><\/li>\n<li><a href=\"https:\/\/oldtimer-veranstaltung.de\/kalender\/events\/kategorien\/bremen\/\" alt=\"Bremen\">Bremen<\/a><\/li>\n<li><a href=\"https:\/\/oldtimer-veranstaltung.de\/kalender\/events\/kategorien\/hamburg\/\" alt=\"Hamburg\">Hamburg<\/a><\/li>\n<li><a href=\"https:\/\/oldtimer-veranstaltung.de\/kalender\/events\/kategorien\/hessen\/\" alt=\"Hessen\">Hessen<\/a><\/li>\n<li><a href=\"https:\/\/oldtimer-veranstaltung.de\/kalender\/events\/kategorien\/mecklenburg-vorpommern\/\" alt=\"Mecklenburg-Vorpommern\">Mecklenburg-Vorpommern<\/a><\/li>\n<li><a href=\"https:\/\/oldtimer-veranstaltung.de\/kalender\/events\/kategorien\/niedersachsen\/\" alt=\"Niedersachsen\">Niedersachsen<\/a><\/li>\n<li><a href=\"https:\/\/oldtimer-veranstaltung.de\/kalender\/events\/kategorien\/nordrhein-westfalen\/\" alt=\"Nordrhein-Westfalen\">Nordrhein-Westfalen<\/a><\/li>\n<li><a href=\"https:\/\/oldtimer-veranstaltung.de\/kalender\/events\/kategorien\/heinland-pfalz\/\" alt=\"Rheinland-Pfalz\">Rheinland-Pfalz<\/a><\/li>\n<li><a href=\"https:\/\/oldtimer-veranstaltung.de\/kalender\/events\/kategorien\/saarland\/\" alt=\"Saarland\">Saarland<\/a><\/li>\n<li><a href=\"https:\/\/oldtimer-veranstaltung.de\/kalender\/events\/kategorien\/sachsen\/\" alt=\"Sachsen\">Sachsen<\/a><\/li>\n<li><a href=\"https:\/\/oldtimer-veranstaltung.de\/kalender\/events\/kategorien\/sachsen-anhalt\/\" alt=\"Sachsen-Anhalt\">Sachsen-Anhalt<\/a><\/li>\n<li><a href=\"https:\/\/oldtimer-veranstaltung.de\/kalender\/events\/kategorien\/schleswig-holstein\/\" alt=\"Schleswig-Holstein\">Schleswig-Holstein<\/a><\/li>\n<li><a href=\"https:\/\/oldtimer-veranstaltung.de\/kalender\/events\/kategorien\/thueringen\/\" alt=\"Th&uuml;ringen\">Th&uuml;ringen<\/a><\/li>\n<\/ul>\n<p>Weitere Classic-Termine: <a href=\"https:\/\/oldtimer-veranstaltung.de\/oldtimer-termine-in-europa-und-weiteren-laendern\/\" title=\"Link zu weiteren Events\" target=\"_blank\">Oldtimer Event-Termine in Europa und weiteren L\u00e4ndern<\/a>.<\/p>\n","protected":false},"excerpt":{"rendered":"<p>Wohin am Wochende? Das ist oft die Frage. Wir bieten in unsere Veranstaltungskalender ausschlie\u00dflich Veranstaltungen f\u00fcr historische Mobilit\u00e4t der Stra\u00dfe, Schiene und Luft an. Behalten Sie mit unserem Kalender den&#8230;<\/p>\n","protected":false},"author":1,"featured_media":0,"parent":0,"menu_order":0,"comment_status":"closed","ping_status":"closed","template":"","meta":{"footnotes":""},"class_list":["post-10325","page","type-page","status-publish","hentry"],"_links":{"self":[{"href":"https:\/\/oldtimer-veranstaltung.de\/kalender\/wp-json\/wp\/v2\/pages\/10325","targetHints":{"allow":["GET"]}}],"collection":[{"href":"https:\/\/oldtimer-veranstaltung.de\/kalender\/wp-json\/wp\/v2\/pages"}],"about":[{"href":"https:\/\/oldtimer-veranstaltung.de\/kalender\/wp-json\/wp\/v2\/types\/page"}],"author":[{"embeddable":true,"href":"https:\/\/oldtimer-veranstaltung.de\/kalender\/wp-json\/wp\/v2\/users\/1"}],"replies":[{"embeddable":true,"href":"https:\/\/oldtimer-veranstaltung.de\/kalender\/wp-json\/wp\/v2\/comments?post=10325"}],"version-history":[{"count":0,"href":"https:\/\/oldtimer-veranstaltung.de\/kalender\/wp-json\/wp\/v2\/pages\/10325\/revisions"}],"wp:attachment":[{"href":"https:\/\/oldtimer-veranstaltung.de\/kalender\/wp-json\/wp\/v2\/media?parent=10325"}],"curies":[{"name":"wp","href":"https:\/\/api.w.org\/{rel}","templated":true}]}}