{"id":5366,"date":"2016-12-22T19:00:47","date_gmt":"2016-12-22T18:00:47","guid":{"rendered":"https:\/\/oldtimer-veranstaltung.de\/inserat\/?page_id=5366"},"modified":"2016-12-22T19:13:57","modified_gmt":"2016-12-22T18:13:57","slug":"tipp-sehenswerte-videos-ueber-classic-cars","status":"publish","type":"page","link":"https:\/\/oldtimer-veranstaltung.de\/inserat\/tipp-sehenswerte-videos-ueber-classic-cars\/","title":{"rendered":"Tipp: Sehenswerte Videos \u00fcber Classic Cars"},"content":{"rendered":"<p>In der Vergangenheit wurden viele Video Produktionen mit bemerkenswerten historischen Fahrzeugen und Maschinen im <a title=\"Klassiker- und Motormagazin\" class=\"aalmanual\" target=\"_blank\"  rel=\"nofollow\"   href=\"https:\/\/klassiker-und-motormagazin.de\/\">Klassiker- und Motormagazin<\/a> ver\u00f6ffentlicht. <\/p>\n<figure id=\"attachment_5367\" aria-describedby=\"caption-attachment-5367\" style=\"width: 730px\" class=\"wp-caption aligncenter\"><a href=\"https:\/\/oldtimer-veranstaltung.de\/inserat\/wp-content\/uploads\/2015\/11\/Peugeot-203-Commerciale.jpg\"><img loading=\"lazy\" decoding=\"async\" src=\"https:\/\/oldtimer-veranstaltung.de\/inserat\/wp-content\/uploads\/2015\/11\/Peugeot-203-Commerciale.jpg\" alt=\"Peugeot 203 Commerciale\" width=\"730\" height=\"548\" class=\"size-full wp-image-5367\" srcset=\"https:\/\/oldtimer-veranstaltung.de\/inserat\/wp-content\/uploads\/2015\/11\/Peugeot-203-Commerciale.jpg 730w, https:\/\/oldtimer-veranstaltung.de\/inserat\/wp-content\/uploads\/2015\/11\/Peugeot-203-Commerciale-300x225.jpg 300w\" sizes=\"auto, (max-width: 730px) 100vw, 730px\" \/><\/a><figcaption id=\"caption-attachment-5367\" class=\"wp-caption-text\">Peugeot 203 Commerciale<\/figcaption><\/figure>\n<p>Hier finden interessierte Leser einen \u00dcberblick \u00fcber die Werke:<\/p>\n<ul class=\"lcp_catlist\" id=\"lcp_instance_0\"><li><a href=\"https:\/\/oldtimer-veranstaltung.de\/inserat\/vergessene-autosammlung-entdeckt\/\">Vergessene Autosammlung entdeckt<\/a><\/li><li><a href=\"https:\/\/oldtimer-veranstaltung.de\/inserat\/der-feurige-rennwagen-bequet-delage-baujahr-1924\/\">Der feurige Rennwagen B\u00e9quet Delage Baujahr 1924<\/a><\/li><li><a href=\"https:\/\/oldtimer-veranstaltung.de\/inserat\/rundgang-im-schlosspark-und-rundstrecke\/\">Rundgang im Schlosspark und Rundstrecke<\/a><\/li><li><a href=\"https:\/\/oldtimer-veranstaltung.de\/inserat\/edsel-teurer-misserfolg-fuer-ford\/\">Edsel &#8211; Teurer Misserfolg f\u00fcr Ford<\/a><\/li><li><a href=\"https:\/\/oldtimer-veranstaltung.de\/inserat\/heinkel-kabine-kabinenroller-und-sympathietraeger\/\">Heinkel Kabine &#8211; Kabinenroller und Sympathietr\u00e4ger<\/a><\/li><li><a href=\"https:\/\/oldtimer-veranstaltung.de\/inserat\/ihc-reibungsantrieb-baujahr-1908\/\">IHC Reibungsantrieb Baujahr 1908<\/a><\/li><li><a href=\"https:\/\/oldtimer-veranstaltung.de\/inserat\/bugatti-type-44-fiacre-perfekt-restauriert-und-mit-patina\/\">Bugatti Type 44 \u201aFiacre\u2018 perfekt restauriert und mit Patina<\/a><\/li><li><a href=\"https:\/\/oldtimer-veranstaltung.de\/inserat\/rekonstruktion-talbot-lago-t26-mit-karosserie-von-saoutchik\/\">Rekonstruktion Talbot-Lago T26 Karosserie Saoutchik<\/a><\/li><li><a href=\"https:\/\/oldtimer-veranstaltung.de\/inserat\/great-classic-cars\/\">Great Classic Cars<\/a><\/li><li><a href=\"https:\/\/oldtimer-veranstaltung.de\/inserat\/thomassen-diesel-motor-mit-gattersaege-im-einsatz\/\">Thomassen Diesel Motor mit Gatters\u00e4ge im Einsatz<\/a><\/li><\/ul>\n","protected":false},"excerpt":{"rendered":"<p>In der Vergangenheit wurden viele Video Produktionen mit bemerkenswerten historischen Fahrzeugen und Maschinen im Klassiker- und Motormagazin ver\u00f6ffentlicht. Hier finden interessierte Leser einen \u00dcberblick \u00fcber die Werke:<\/p>\n","protected":false},"author":1,"featured_media":0,"parent":0,"menu_order":0,"comment_status":"closed","ping_status":"closed","template":"","meta":{"footnotes":""},"class_list":["post-5366","page","type-page","status-publish","hentry"],"_links":{"self":[{"href":"https:\/\/oldtimer-veranstaltung.de\/inserat\/wp-json\/wp\/v2\/pages\/5366","targetHints":{"allow":["GET"]}}],"collection":[{"href":"https:\/\/oldtimer-veranstaltung.de\/inserat\/wp-json\/wp\/v2\/pages"}],"about":[{"href":"https:\/\/oldtimer-veranstaltung.de\/inserat\/wp-json\/wp\/v2\/types\/page"}],"author":[{"embeddable":true,"href":"https:\/\/oldtimer-veranstaltung.de\/inserat\/wp-json\/wp\/v2\/users\/1"}],"replies":[{"embeddable":true,"href":"https:\/\/oldtimer-veranstaltung.de\/inserat\/wp-json\/wp\/v2\/comments?post=5366"}],"version-history":[{"count":0,"href":"https:\/\/oldtimer-veranstaltung.de\/inserat\/wp-json\/wp\/v2\/pages\/5366\/revisions"}],"wp:attachment":[{"href":"https:\/\/oldtimer-veranstaltung.de\/inserat\/wp-json\/wp\/v2\/media?parent=5366"}],"curies":[{"name":"wp","href":"https:\/\/api.w.org\/{rel}","templated":true}]}}