{"id":5359,"date":"2018-12-29T18:00:54","date_gmt":"2018-12-29T17:00:54","guid":{"rendered":"https:\/\/oldtimer-veranstaltung.de\/inserat\/?page_id=5359"},"modified":"2018-12-29T18:44:33","modified_gmt":"2018-12-29T17:44:33","slug":"meine-video-produktionen-ueber-historische-mobilitaet","status":"publish","type":"page","link":"https:\/\/oldtimer-veranstaltung.de\/inserat\/meine-video-produktionen-ueber-historische-mobilitaet\/","title":{"rendered":"Meine Video Produktionen \u00fcber historische Mobilit\u00e4t"},"content":{"rendered":"<p>Meine Video Produktionen \u00fcber historische Mobilit\u00e4t haben inzwischen einen beachtlichen Umfang in Bezug auf Themen und geleistete Arbeit erreicht. <\/p>\n<figure id=\"attachment_5364\" aria-describedby=\"caption-attachment-5364\" style=\"width: 730px\" class=\"wp-caption aligncenter\"><a href=\"https:\/\/oldtimer-veranstaltung.de\/inserat\/wp-content\/uploads\/2015\/11\/MG-TD.jpg\"><img loading=\"lazy\" decoding=\"async\" src=\"https:\/\/oldtimer-veranstaltung.de\/inserat\/wp-content\/uploads\/2015\/11\/MG-TD.jpg\" alt=\"MG TD vor der Abfahrt\" width=\"730\" height=\"548\" class=\"size-full wp-image-5364\" srcset=\"https:\/\/oldtimer-veranstaltung.de\/inserat\/wp-content\/uploads\/2015\/11\/MG-TD.jpg 730w, https:\/\/oldtimer-veranstaltung.de\/inserat\/wp-content\/uploads\/2015\/11\/MG-TD-300x225.jpg 300w\" sizes=\"auto, (max-width: 730px) 100vw, 730px\" \/><\/a><figcaption id=\"caption-attachment-5364\" class=\"wp-caption-text\">MG TD vor der Abfahrt<\/figcaption><\/figure>\n<p>Hier finden interessierte Leser einen \u00dcberblick \u00fcber die Werke:<\/p>\n<ul class=\"lcp_catlist\" id=\"lcp_instance_0\"><li><a href=\"https:\/\/oldtimer-veranstaltung.de\/inserat\/120-oldtimer-und-youngtimer-im-schlosspark-gedern\/\">120 Oldtimer und Youngtimer im Schlosspark Gedern<\/a><\/li><li><a href=\"https:\/\/oldtimer-veranstaltung.de\/inserat\/45-jahre-jaguar-v12-motor\/\">45 Jahre Jaguar V12-Motor<\/a><\/li><li><a href=\"https:\/\/oldtimer-veranstaltung.de\/inserat\/abenteuer-rundstrecke-schloss-dyck\/\">Abenteuer Rundstrecke &#8211; Schloss Dyck<\/a><\/li><li><a href=\"https:\/\/oldtimer-veranstaltung.de\/inserat\/aussergewoehnliches-rekordfahrzeug-fiat-isotta-fraschini\/\">Au\u00dfergew\u00f6hnliches Rekordfahrzeug: Fiat Isotta Fraschini<\/a><\/li><li><a href=\"https:\/\/oldtimer-veranstaltung.de\/inserat\/berlin-havelland-und-spreewald-mit-bmw-erlebt\/\">Berlin, Havelland und Spreewald mit BMW erlebt<\/a><\/li><li><a href=\"https:\/\/oldtimer-veranstaltung.de\/inserat\/bugatti-type-44-fiacre-perfekt-restauriert-und-mit-patina\/\">Bugatti Type 44 \u201aFiacre\u2018 perfekt restauriert und mit Patina<\/a><\/li><li><a href=\"https:\/\/oldtimer-veranstaltung.de\/inserat\/dampfwagen-auf-tour\/\">Dampfwagen auf Tour<\/a><\/li><li><a href=\"https:\/\/oldtimer-veranstaltung.de\/inserat\/de-dion-bouton-im-schlosspark-schwetzingen\/\">De Dion-Bouton im Schlosspark Schwetzingen<\/a><\/li><li><a href=\"https:\/\/oldtimer-veranstaltung.de\/inserat\/der-lanz-bulldog-heute-ein-grosses-spielzeug-fuer-maenner\/\">Der Lanz Bulldog &#8211; heute ein gro\u00dfes Spielzeug f\u00fcr M\u00e4nner<\/a><\/li><li><a href=\"https:\/\/oldtimer-veranstaltung.de\/inserat\/doppeldecker-der-30er-und-40er-jahre\/\">Doppeldecker der 30er und 40er Jahre<\/a><\/li><li><a href=\"https:\/\/oldtimer-veranstaltung.de\/inserat\/enzmann-506-in-bad-camberg\/\">Enzmann 506 in Bad Camberg<\/a><\/li><li><a href=\"https:\/\/oldtimer-veranstaltung.de\/inserat\/erster-concours-delegance-fuer-klein-und-kleinstwagen\/\">Erster Concours d\u2019Elegance f\u00fcr Klein- und Kleinstwagen<\/a><\/li><li><a href=\"https:\/\/oldtimer-veranstaltung.de\/inserat\/feuerwehr-boeschung-brennt\/\">Feuerwehr &#8211; B\u00f6schung brennt<\/a><\/li><li><a href=\"https:\/\/oldtimer-veranstaltung.de\/inserat\/focke-wulf-fw44-und-messerschmitt-me108-80-jahre-lufttuechtig\/\">Focke-Wulf Fw44 und Messerschmitt Me108 &#8211; 80 Jahre luftt\u00fcchtig<\/a><\/li><li><a href=\"https:\/\/oldtimer-veranstaltung.de\/inserat\/grade-f2-rennwagen-baujahr-1921\/\">Grade F2 Rennwagen Baujahr 1921<\/a><\/li><li><a href=\"https:\/\/oldtimer-veranstaltung.de\/inserat\/herkomer-konkurrenz-2016-landsberg-am-lech\/\">Herkomer-Konkurrenz 2016 &#8211; Landsberg am Lech<\/a><\/li><li><a href=\"https:\/\/oldtimer-veranstaltung.de\/inserat\/herkomer-konkurrenz-2016-touren\/\">Herkomer-Konkurrenz 2016 \u2013 Touren<\/a><\/li><li><a href=\"https:\/\/oldtimer-veranstaltung.de\/inserat\/historische-bmw-der-baujahre-1925-2015\/\">Historische BMW der Baujahre 1925 &#8211; 2015<\/a><\/li><li><a href=\"https:\/\/oldtimer-veranstaltung.de\/inserat\/historische-saege-in-aktion-im-freilichtmuseum-hessenpark\/\">Historische S\u00e4ge in Aktion im Freilichtmuseum Hessenpark<\/a><\/li><li><a href=\"https:\/\/oldtimer-veranstaltung.de\/inserat\/jaguar-e-type-in-bewegten-bildern\/\">Jaguar E-Type in bewegten Bildern<\/a><\/li><li><a href=\"https:\/\/oldtimer-veranstaltung.de\/inserat\/jaguar-mk-iv-ein-klassischer-saloon\/\">Jaguar MK IV &#8211; ein klassischer Saloon<\/a><\/li><li><a href=\"https:\/\/oldtimer-veranstaltung.de\/inserat\/jaguar-mk2-typ-340-portrait\/\">Jaguar MKII Typ 340 Portrait<\/a><\/li><li><a href=\"https:\/\/oldtimer-veranstaltung.de\/inserat\/kartoffeln-in-der-landwirtschaft-garen\/\">Kartoffeln in der Landwirtschaft garen<\/a><\/li><li><a href=\"https:\/\/oldtimer-veranstaltung.de\/inserat\/klassiker-und-motormagazin-video\/\">Klassiker- und Motormagazin Video<\/a><\/li><li><a href=\"https:\/\/oldtimer-veranstaltung.de\/inserat\/lokomobile-dreschmaschinen-im-hessenpark\/\">Lokomobile &#038; Dreschmaschine im Hessenpark<\/a><\/li><li><a href=\"https:\/\/oldtimer-veranstaltung.de\/inserat\/mode-der-vergangenen-jahrzehnte\/\">Mode der vergangenen Jahrzehnte<\/a><\/li><li><a href=\"https:\/\/oldtimer-veranstaltung.de\/inserat\/motorrad-oldtimer-und-veteranen-beim-starten-und-fahren\/\">Motorrad Oldtimer und Veteranen beim Starten und Fahren<\/a><\/li><li><a href=\"https:\/\/oldtimer-veranstaltung.de\/inserat\/oldtimer-fotoalbum-2014-trailer\/\">Oldtimer Fotoalbum 2014 Trailer<\/a><\/li><li><a href=\"https:\/\/oldtimer-veranstaltung.de\/inserat\/oldtimer-portrait-gm-chevrolet-corvette-c1\/\">Oldtimer Portrait &#8211; GM Chevrolet Corvette C1<\/a><\/li><li><a href=\"https:\/\/oldtimer-veranstaltung.de\/inserat\/oldtimer-event-zur-unterstuetzung-der-stiftung-schloss-dyck\/\">Oldtimer-Event &#8211; Unterst\u00fctzung der Stiftung Schloss Dyck<\/a><\/li><li><a href=\"https:\/\/oldtimer-veranstaltung.de\/inserat\/oldtimer-meeting-2015-baden-baden\/\">Oldtimer-Meeting 2015 Baden-Baden<\/a><\/li><li><a href=\"https:\/\/oldtimer-veranstaltung.de\/inserat\/oldtimer-treffen-oldtimertag-in-bad-nauheim\/\">Oldtimer-Treffen + Oldtimertag in Bad Nauheim<\/a><\/li><li><a href=\"https:\/\/oldtimer-veranstaltung.de\/inserat\/prewar-sportwagen-auf-der-grasbahn\/\">Prewar Sportwagen auf der Grasbahn<\/a><\/li><li><a href=\"https:\/\/oldtimer-veranstaltung.de\/inserat\/rallye-bad-homburg-historic-2015\/\">Rallye Bad Homburg Historic 2015<\/a><\/li><li><a href=\"https:\/\/oldtimer-veranstaltung.de\/inserat\/rallye-monte-carlo-historique-2015\/\">Rallye Monte-Carlo Historique 2015<\/a><\/li><li><a href=\"https:\/\/oldtimer-veranstaltung.de\/inserat\/rallye-monte-carlo-historique-2016-im-bmw-autohaus\/\">Rallye Monte-Carlo Historique 2016 im BMW Autohaus und Start<\/a><\/li><li><a href=\"https:\/\/oldtimer-veranstaltung.de\/inserat\/rennwagen-auto-union-typ-d-startvorbereitungen\/\">Rennwagen Auto Union Typ D &#8211; Startvorbereitungen<\/a><\/li><li><a href=\"https:\/\/oldtimer-veranstaltung.de\/inserat\/roehr-8-mit-autenrieth-karosserie\/\">R\u00f6hr 8 mit Autenrieth Karosserie &#8211; H\u00f6hepunkt der Markenhistorie<\/a><\/li><li><a href=\"https:\/\/oldtimer-veranstaltung.de\/inserat\/schwiegermuttersitz-rumble-seat-dicky-seat\/\">Schwiegermuttersitz &#8211; rumble Seat &#8211; dicky Seat<\/a><\/li><li><a href=\"https:\/\/oldtimer-veranstaltung.de\/inserat\/sound-clip-jaguar-xj-13\/\">Sound Clip Jaguar XJ 13<\/a><\/li><li><a href=\"https:\/\/oldtimer-veranstaltung.de\/inserat\/spektakulaere-catalina-pby-5a-bei-der-airshow-breitscheid\/\">Spektakul\u00e4re Catalina PBY-5A bei der Airshow Breitscheid<\/a><\/li><li><a href=\"https:\/\/oldtimer-veranstaltung.de\/inserat\/stanley-dampfwagen-typ-735d\/\">Stanley Dampfwagen Typ 735D<\/a><\/li><li><a href=\"https:\/\/oldtimer-veranstaltung.de\/inserat\/steam-cars-in-aktion\/\">Steam Cars in Aktion<\/a><\/li><li><a href=\"https:\/\/oldtimer-veranstaltung.de\/inserat\/the-beast-of-turin-fiat-s76\/\">The Beast of Turin &#8211; FIAT S76<\/a><\/li><li><a href=\"https:\/\/oldtimer-veranstaltung.de\/inserat\/vergleich-corvette-c1-von-1956-und-1958\/\">Vergleich Corvette C1 von 1956 und 1958<\/a><\/li><li><a href=\"https:\/\/oldtimer-veranstaltung.de\/inserat\/vintage-antique-cars-teil-1\/\">Vintage &#038; Antique Cars Teil 1<\/a><\/li><li><a href=\"https:\/\/oldtimer-veranstaltung.de\/inserat\/vintage-antique-cars-teil-2\/\">Vintage &#038; Antique Cars Teil 2<\/a><\/li><li><a href=\"https:\/\/oldtimer-veranstaltung.de\/inserat\/vintage-antique-cars-teil-3\/\">Vintage &#038; Antique Cars Teil 3<\/a><\/li><li><a href=\"https:\/\/oldtimer-veranstaltung.de\/inserat\/volkswagen-veteranen-treffen-2015\/\">Volkswagen Veteranen-Treffen 2015<\/a><\/li><li><a href=\"https:\/\/oldtimer-veranstaltung.de\/inserat\/wanderer-puppchen-baujahre-1911-1926\/\">Wanderer &#8222;Puppchen&#8220; Baujahre 1911 &#8211; 1926<\/a><\/li><li><a href=\"https:\/\/oldtimer-veranstaltung.de\/inserat\/willys-overland-allradantrieb-der-schweizer-post-ptt\/\">Willys-Overland Allradantrieb der Schweizer Post (PTT)<\/a><\/li><li><a href=\"https:\/\/oldtimer-veranstaltung.de\/inserat\/wo-kann-ich-50-klassische-auto-motoren-besichtigen\/\">Wo kann ich 50 klassische Auto-Motoren besichtigen?<\/a><\/li><\/ul>\n","protected":false},"excerpt":{"rendered":"<p>Meine Video Produktionen \u00fcber historische Mobilit\u00e4t haben inzwischen einen beachtlichen Umfang in Bezug auf Themen und geleistete Arbeit erreicht. Hier finden interessierte Leser einen \u00dcberblick \u00fcber die Werke:<\/p>\n","protected":false},"author":1,"featured_media":0,"parent":0,"menu_order":0,"comment_status":"closed","ping_status":"closed","template":"","meta":{"footnotes":""},"class_list":["post-5359","page","type-page","status-publish","hentry"],"_links":{"self":[{"href":"https:\/\/oldtimer-veranstaltung.de\/inserat\/wp-json\/wp\/v2\/pages\/5359","targetHints":{"allow":["GET"]}}],"collection":[{"href":"https:\/\/oldtimer-veranstaltung.de\/inserat\/wp-json\/wp\/v2\/pages"}],"about":[{"href":"https:\/\/oldtimer-veranstaltung.de\/inserat\/wp-json\/wp\/v2\/types\/page"}],"author":[{"embeddable":true,"href":"https:\/\/oldtimer-veranstaltung.de\/inserat\/wp-json\/wp\/v2\/users\/1"}],"replies":[{"embeddable":true,"href":"https:\/\/oldtimer-veranstaltung.de\/inserat\/wp-json\/wp\/v2\/comments?post=5359"}],"version-history":[{"count":0,"href":"https:\/\/oldtimer-veranstaltung.de\/inserat\/wp-json\/wp\/v2\/pages\/5359\/revisions"}],"wp:attachment":[{"href":"https:\/\/oldtimer-veranstaltung.de\/inserat\/wp-json\/wp\/v2\/media?parent=5359"}],"curies":[{"name":"wp","href":"https:\/\/api.w.org\/{rel}","templated":true}]}}