{"id":3507,"date":"2014-11-17T13:08:53","date_gmt":"2014-11-17T12:08:53","guid":{"rendered":"https:\/\/oldtimer-veranstaltung.de\/inserat\/?page_id=3507"},"modified":"2014-11-17T13:08:53","modified_gmt":"2014-11-17T12:08:53","slug":"hitparade-der-beitraege-des-vergangenen-tages","status":"publish","type":"page","link":"https:\/\/oldtimer-veranstaltung.de\/inserat\/hitparade-der-beitraege-des-vergangenen-tages\/","title":{"rendered":"Hitparade der Beitr\u00e4ge des vergangenen Tages"},"content":{"rendered":"<p>&#8230; die meist gelesenen und angeschauten Beitr\u00e4ge der letzten 24 Stunden sind in der \u00dcbersicht zu finden:<\/p>\n<p>[wpp stats_views=&#8220;0&#8243; order_by=&#8220;views&#8220;] <\/p>\n","protected":false},"excerpt":{"rendered":"<p>&#8230; die meist gelesenen und angeschauten Beitr\u00e4ge der letzten 24 Stunden sind in der \u00dcbersicht zu finden: [wpp stats_views=&#8220;0&#8243; order_by=&#8220;views&#8220;]<\/p>\n","protected":false},"author":1,"featured_media":0,"parent":0,"menu_order":0,"comment_status":"closed","ping_status":"closed","template":"","meta":{"footnotes":""},"class_list":["post-3507","page","type-page","status-publish","hentry"],"_links":{"self":[{"href":"https:\/\/oldtimer-veranstaltung.de\/inserat\/wp-json\/wp\/v2\/pages\/3507","targetHints":{"allow":["GET"]}}],"collection":[{"href":"https:\/\/oldtimer-veranstaltung.de\/inserat\/wp-json\/wp\/v2\/pages"}],"about":[{"href":"https:\/\/oldtimer-veranstaltung.de\/inserat\/wp-json\/wp\/v2\/types\/page"}],"author":[{"embeddable":true,"href":"https:\/\/oldtimer-veranstaltung.de\/inserat\/wp-json\/wp\/v2\/users\/1"}],"replies":[{"embeddable":true,"href":"https:\/\/oldtimer-veranstaltung.de\/inserat\/wp-json\/wp\/v2\/comments?post=3507"}],"version-history":[{"count":0,"href":"https:\/\/oldtimer-veranstaltung.de\/inserat\/wp-json\/wp\/v2\/pages\/3507\/revisions"}],"wp:attachment":[{"href":"https:\/\/oldtimer-veranstaltung.de\/inserat\/wp-json\/wp\/v2\/media?parent=3507"}],"curies":[{"name":"wp","href":"https:\/\/api.w.org\/{rel}","templated":true}]}}