{"id":1861,"date":"2016-03-31T21:00:00","date_gmt":"2016-03-31T19:00:00","guid":{"rendered":"https:\/\/oldtimer-veranstaltung.de\/inserat\/awpcp\/"},"modified":"2016-03-31T21:03:33","modified_gmt":"2016-03-31T19:03:33","slug":"kleinanzeigen","status":"publish","type":"page","link":"https:\/\/oldtimer-veranstaltung.de\/inserat\/kleinanzeigen\/","title":{"rendered":"Oldtimer Auto Motorrad Markt &#8211; Oldtimerb\u00f6rse"},"content":{"rendered":"<p><figure id=\"attachment_2415\" aria-describedby=\"caption-attachment-2415\" style=\"width: 300px\" class=\"wp-caption alignleft\"><a href=\"https:\/\/oldtimer-veranstaltung.de\/inserat\/wp-content\/uploads\/2014\/03\/Oldtimer-kaufen-verkaufen-Kleinanzeige.jpg\"><img loading=\"lazy\" decoding=\"async\" src=\"https:\/\/oldtimer-veranstaltung.de\/inserat\/wp-content\/uploads\/2014\/03\/Oldtimer-kaufen-verkaufen-Kleinanzeige.jpg\" alt=\"Oldtimer kaufen verkaufen - Anzeigen\" width=\"300\" height=\"207\" class=\"size-full wp-image-2415\" \/><\/a><figcaption id=\"caption-attachment-2415\" class=\"wp-caption-text\">Oldtimer kaufen verkaufen &#8211; Anzeigen<\/figcaption><\/figure>F\u00fcr Ihren Oldtimer Verkauf oder Kauf bieten wir Ihnen eine umfangreiche Sammlung Oldtimer-B\u00f6rsenbzw. Classic-Car M\u00e4rkte, national und international, an. Diese finden Sie unter  <a href=\"https:\/\/oldtimer-veranstaltung.de\/service\/weltweite-oldtimer-angebote\/\" title=\"Link zur \u00dcbersicht\" target=\"_blank\">weltweite Oldtimer Angebote<\/a>.<\/p>\n<p>Wer sich \u00fcber die speziellen Kfz-Kennzeichen f\u00fcr Oldtimer informieren m\u00f6chte, klickt zum Beitrag <a href=\"https:\/\/oldtimer-veranstaltung.de\/2013\/05\/kfz-kennzeichen-fuer-oldtimer-und-youngtimer\/\" title=\"Link zum Beitrag\" target=\"_blank\">Kfz-Kennzeichen f\u00fcr Oldtimer und Youngtimer<\/a>.<\/p>\n<p>Hinweise zur internationalen Klasseneinteilung historischer Automobile f\u00fcr Oldtimer-Rallyes finden Sie mit diesem <a href=\"https:\/\/oldtimer-veranstaltung.de\/2012\/01\/bezeichnung-fuer-klassische-kraftfahrzeuge\/\" title=\"Link zum Beitrag\" target=\"_blank\">Link<\/a>.<\/p>\n","protected":false},"excerpt":{"rendered":"<p>F\u00fcr Ihren Oldtimer Verkauf oder Kauf bieten wir Ihnen eine umfangreiche Sammlung Oldtimer-B\u00f6rsenbzw. Classic-Car M\u00e4rkte, national und international, an. Diese finden Sie unter weltweite Oldtimer Angebote. Wer sich \u00fcber die&#8230;<\/p>\n","protected":false},"author":1,"featured_media":0,"parent":0,"menu_order":0,"comment_status":"closed","ping_status":"closed","template":"","meta":{"footnotes":""},"class_list":["post-1861","page","type-page","status-publish","hentry"],"_links":{"self":[{"href":"https:\/\/oldtimer-veranstaltung.de\/inserat\/wp-json\/wp\/v2\/pages\/1861","targetHints":{"allow":["GET"]}}],"collection":[{"href":"https:\/\/oldtimer-veranstaltung.de\/inserat\/wp-json\/wp\/v2\/pages"}],"about":[{"href":"https:\/\/oldtimer-veranstaltung.de\/inserat\/wp-json\/wp\/v2\/types\/page"}],"author":[{"embeddable":true,"href":"https:\/\/oldtimer-veranstaltung.de\/inserat\/wp-json\/wp\/v2\/users\/1"}],"replies":[{"embeddable":true,"href":"https:\/\/oldtimer-veranstaltung.de\/inserat\/wp-json\/wp\/v2\/comments?post=1861"}],"version-history":[{"count":0,"href":"https:\/\/oldtimer-veranstaltung.de\/inserat\/wp-json\/wp\/v2\/pages\/1861\/revisions"}],"wp:attachment":[{"href":"https:\/\/oldtimer-veranstaltung.de\/inserat\/wp-json\/wp\/v2\/media?parent=1861"}],"curies":[{"name":"wp","href":"https:\/\/api.w.org\/{rel}","templated":true}]}}